{"id":3,"date":"2019-02-10T13:12:35","date_gmt":"2019-02-10T15:12:35","guid":{"rendered":"https:\/\/redirect.life\/?page_id=3"},"modified":"2020-02-28T14:35:42","modified_gmt":"2020-02-28T17:35:42","slug":"termo-de-voluntariado","status":"publish","type":"page","link":"https:\/\/redirect.life\/en\/termo-de-voluntariado\/","title":{"rendered":"Volunteer Term"},"content":{"rendered":"<h2>DA APRESENTA\u00c7\u00c3O, DEFINI\u00c7\u00d5ES E ACEITA\u00c7\u00c3O DOS TERMOS<\/h2>\n\n\n\n<p>Os presentes termos e condi\u00e7\u00f5es de VOLUNTARIADO aplica-se a todas as pessoas f\u00edsicas e jur\u00eddicas que realizarem cadastro online atrav\u00e9s do site <a href=\"https:\/\/redirect.life\/en\/voluntario\/\">redirect.life<\/a>  (cujos dados passam a ser parte integrante deste termo), e que  tenham aceitado eletronicamente todas as cl\u00e1usulas deste instrumento, ou  que presencialmente forneceram seus dados para preenchimento do  termo, doravante denominado <strong>\u201cVOLUNTARIO\u201d<\/strong>.<\/p>\n\n\n\n<h3>Volunteer Term<\/h3>\n\n\n\n<p> EU declaro, conforme Lei n\u00ba 9.608 de 18 de fevereiro de 1998, ser volunt\u00e1rio no Instituto Redirect, organiza\u00e7\u00e3o sem fins lucrativos, para contribuir em seus servi\u00e7os. Desta forma, conforme par\u00e1grafo \u00fanico do artigo 1\u00ba da referida lei, estou ciente que n\u00e3o h\u00e1 vinculo empregat\u00edcio, nem obriga\u00e7\u00e3o de natureza trabalhista, previdenci\u00e1ria ou afim com o Instituto.<\/p>\n\n\n\n<p> Estou, tamb\u00e9m, ciente, conforme art. 9\u00ba do estatuto do Instituto Redirect, que como associado n\u00e3o respondo, nem mesmo subsidiariamente, pelos encargos do Instituto Redirect e nem o Instituto Redirect responde pelos encargos assumidos por mim.<\/p>\n\n\n\n<p> Comprometo-me a manter em sigilo informa\u00e7\u00f5es relacionadas aos cursos ministrados \u00e0 popula\u00e7\u00e3o carcer\u00e1ria, bem como informa\u00e7\u00f5es de cunho pessoal dos benefici\u00e1rios e colaboradores desse projeto, salvo quando autorizado pela pessoa a qual a informa\u00e7\u00e3o for relacionada, ou quando a informa\u00e7\u00e3o divulgada n\u00e3o for pass\u00edvel de denegrir a imagem da mesma.<\/p>\n\n\n\n<p>Conforme estipulado em regimento interno, fico sujeito a san\u00e7\u00f5es que poder\u00e3o ser de advert\u00eancia at\u00e9 a exclus\u00e3o do quadro de associados.<\/p>\n\n\n\n<p> Este termo tem validade por 1 (um) exerc\u00edcio, devendo, ent\u00e3o, ser renovado a cada Assembleia Ordin\u00e1ria.<\/p>","protected":false},"excerpt":{"rendered":"<p>DA APRESENTA\u00c7\u00c3O, DEFINI\u00c7\u00d5ES E ACEITA\u00c7\u00c3O DOS TERMOS Os presentes termos e condi\u00e7\u00f5es de VOLUNTARIADO aplica-se a todas as pessoas f\u00edsicas e jur\u00eddicas que realizarem cadastro online atrav\u00e9s do site redirect.life (cujos dados passam a ser parte integrante deste termo), e que tenham aceitado eletronicamente todas as cl\u00e1usulas deste instrumento, ou que presencialmente forneceram seus dados&nbsp;&hellip;<\/p>","protected":false},"author":1,"featured_media":0,"parent":0,"menu_order":0,"comment_status":"closed","ping_status":"open","template":"","meta":[],"_links":{"self":[{"href":"https:\/\/redirect.life\/en\/wp-json\/wp\/v2\/pages\/3"}],"collection":[{"href":"https:\/\/redirect.life\/en\/wp-json\/wp\/v2\/pages"}],"about":[{"href":"https:\/\/redirect.life\/en\/wp-json\/wp\/v2\/types\/page"}],"author":[{"embeddable":true,"href":"https:\/\/redirect.life\/en\/wp-json\/wp\/v2\/users\/1"}],"replies":[{"embeddable":true,"href":"https:\/\/redirect.life\/en\/wp-json\/wp\/v2\/comments?post=3"}],"version-history":[{"count":1,"href":"https:\/\/redirect.life\/en\/wp-json\/wp\/v2\/pages\/3\/revisions"}],"predecessor-version":[{"id":233,"href":"https:\/\/redirect.life\/en\/wp-json\/wp\/v2\/pages\/3\/revisions\/233"}],"wp:attachment":[{"href":"https:\/\/redirect.life\/en\/wp-json\/wp\/v2\/media?parent=3"}],"curies":[{"name":"wp","href":"https:\/\/api.w.org\/{rel}","templated":true}]}}