{"id":421,"date":"2021-04-24T17:57:49","date_gmt":"2021-04-24T20:57:49","guid":{"rendered":"https:\/\/redirect.life\/?page_id=421"},"modified":"2021-04-24T18:52:05","modified_gmt":"2021-04-24T21:52:05","slug":"projeto-saude-da-mulher","status":"publish","type":"page","link":"https:\/\/redirect.life\/en\/projeto-saude-da-mulher\/","title":{"rendered":"Projects"},"content":{"rendered":"<h2>Projeto Sa\u00fade da Mulher<\/h2>\n\n\n\n<p>Com o crescimento da popula\u00e7\u00e3o carcer\u00e1ria feminina no Brasil, observa-se a necessidade de orienta\u00e7\u00e3o quanto a assuntos de sa\u00fade (execu\u00e7\u00e3o da Pol\u00edtica Nacional de Aten\u00e7\u00e3o \u00e0s Mulheres em Situa\u00e7\u00e3o de Priva\u00e7\u00e3o de Liberdade e Egressas do Sistema Prisional \u2013 PNAMPE e Pol\u00edtica Nacional de Promo\u00e7\u00e3o \u00e0 Sa\u00fade), visando atitudes assertivas na reintegra\u00e7\u00e3o social dessas mulheres no desenvolvimento da sociedade como um todo. <\/p>\n\n\n\n<p>Promovemos a educa\u00e7\u00e3o em sa\u00fade dentro da unidade atrav\u00e9s de palestras e atendimentos personalizados e posterior acompanhamento domiciliar.<\/p>\n\n\n\n<p>&nbsp;<\/p>\n\n\n\n<hr class=\"wp-block-separator\"\/>\n\n\n\n<div style=\"height:40px\" aria-hidden=\"true\" class=\"wp-block-spacer\"><\/div>\n\n\n\n<h2>Projeto M\u00fasica&nbsp;que Liberta&nbsp;<\/h2>\n\n\n\n<p>Entendemos&nbsp;a M\u00fasica como fonte de acesso para o exerc\u00edcio de&nbsp;princ\u00edpios fundamentais como \u00e9tica, qualidade e respeito humano, ferramenta na assimila\u00e7\u00e3o de processos importantes na vida do ser humano em&nbsp;aspectos&nbsp;referentes ao seu estado psicol\u00f3gico, social e cultural.&nbsp;&nbsp;<\/p>\n\n\n\n<p>O projeto M\u00fasica que Liberta busca promover o desenvolvimento sociocultural, cognitivo e emocional de mulheres\u00a0detentas\u00a0no complexo prisional em Piraquara, oferecendo novas\u00a0perspectivas\u00a0para o enfrentamento de problemas advindos da fragilidade social e alternativas para possibilitar a mobilidade social e a melhoria da qualidade de vida. Em \u00e2mbito educacional e cultural, almejamos a cria\u00e7\u00e3o de uma orquestra de cordas.\u00a0<\/p>\n\n\n\n<div style=\"height:32px\" aria-hidden=\"true\" class=\"wp-block-spacer\"><\/div>\n\n\n\n<hr class=\"wp-block-separator\"\/>\n\n\n\n<p><\/p>","protected":false},"excerpt":{"rendered":"<p>Projeto Sa\u00fade da Mulher Com o crescimento da popula\u00e7\u00e3o carcer\u00e1ria feminina no Brasil, observa-se a necessidade de orienta\u00e7\u00e3o quanto a assuntos de sa\u00fade (execu\u00e7\u00e3o da Pol\u00edtica Nacional de Aten\u00e7\u00e3o \u00e0s Mulheres em Situa\u00e7\u00e3o de Priva\u00e7\u00e3o de Liberdade e Egressas do Sistema Prisional \u2013 PNAMPE e Pol\u00edtica Nacional de Promo\u00e7\u00e3o \u00e0 Sa\u00fade), visando atitudes assertivas na&nbsp;&hellip;<\/p>","protected":false},"author":1,"featured_media":0,"parent":0,"menu_order":0,"comment_status":"closed","ping_status":"closed","template":"","meta":[],"_links":{"self":[{"href":"https:\/\/redirect.life\/en\/wp-json\/wp\/v2\/pages\/421"}],"collection":[{"href":"https:\/\/redirect.life\/en\/wp-json\/wp\/v2\/pages"}],"about":[{"href":"https:\/\/redirect.life\/en\/wp-json\/wp\/v2\/types\/page"}],"author":[{"embeddable":true,"href":"https:\/\/redirect.life\/en\/wp-json\/wp\/v2\/users\/1"}],"replies":[{"embeddable":true,"href":"https:\/\/redirect.life\/en\/wp-json\/wp\/v2\/comments?post=421"}],"version-history":[{"count":11,"href":"https:\/\/redirect.life\/en\/wp-json\/wp\/v2\/pages\/421\/revisions"}],"predecessor-version":[{"id":452,"href":"https:\/\/redirect.life\/en\/wp-json\/wp\/v2\/pages\/421\/revisions\/452"}],"wp:attachment":[{"href":"https:\/\/redirect.life\/en\/wp-json\/wp\/v2\/media?parent=421"}],"curies":[{"name":"wp","href":"https:\/\/api.w.org\/{rel}","templated":true}]}}